{"id":2513,"date":"2023-12-07T13:54:02","date_gmt":"2023-12-07T12:54:02","guid":{"rendered":"https:\/\/www.hifapetrol.ba\/?page_id=2513"},"modified":"2023-12-07T14:00:49","modified_gmt":"2023-12-07T13:00:49","slug":"privatnost-i-zastita-licnih-podataka","status":"publish","type":"page","link":"https:\/\/www.hifapetrol.ba\/bs\/privatnost-i-zastita-licnih-podataka\/","title":{"rendered":"Privatnost i za\u0161tita li\u010dnih podataka"},"content":{"rendered":"\t\t<div data-elementor-type=\"wp-page\" data-elementor-id=\"2513\" class=\"elementor elementor-2513\">\n\t\t\t\t\t\t<section class=\"elementor-section elementor-top-section elementor-element elementor-element-eb0e778 elementor-section-boxed elementor-section-height-default elementor-section-height-default\" data-id=\"eb0e778\" data-element_type=\"section\">\n\t\t\t\t\t\t<div class=\"elementor-container elementor-column-gap-default\">\n\t\t\t\t\t<div class=\"elementor-column elementor-col-100 elementor-top-column elementor-element elementor-element-71252cf\" data-id=\"71252cf\" data-element_type=\"column\">\n\t\t\t<div class=\"elementor-widget-wrap elementor-element-populated\">\n\t\t\t\t\t\t<div class=\"elementor-element elementor-element-a04227b color-scheme-inherit text-left elementor-widget elementor-widget-text-editor\" data-id=\"a04227b\" data-element_type=\"widget\" data-widget_type=\"text-editor.default\">\n\t\t\t\t<div class=\"elementor-widget-container\">\n\t\t\t\t\t\t\t\t\t<h3><span style=\"color: #333333;\">Prikupljanje Li\u010dnih Podataka<\/span><\/h3><p>Prilikom posjete na\u0161e web stranice, prikupljati \u0107emo odre\u0111ene informacije koje nam direktno ili indirektno omogu\u0107avaju identifikaciju pojedinca. Ovi podaci mogu obuhvatati, ali nisu ograni\u010deni na:<\/p><ul><li>Ime i prezime<\/li><li>E-mail adresa<\/li><li>Broj telefona<\/li><li>Adresa<\/li><\/ul><h3><span style=\"color: #000000;\">Kori\u0161tenje Li\u010dnih Podataka<\/span><\/h3><p>Li\u010dne podatke koristimo isklju\u010divo u svrhe za koje su nam dostavljeni i u skladu sa relevantnim zakonima o za\u0161titi podataka. Ovi podaci mogu biti kori\u0161teni za:<\/p><ul><li>Odgovaranje na upite ili zahtjeve<\/li><li>Pru\u017eanje informacija o na\u0161im proizvodima ili uslugama<\/li><li>Personalizaciju korisni\u010dkog iskustva na web stranici<\/li><li>Slanje marketin\u0161kih materijala, uz prethodnu saglasnost korisnika<\/li><\/ul><h3><span style=\"color: #000000;\">Dijeljenje Li\u010dnih Podataka<\/span><\/h3><p>Va\u0161i li\u010dni podaci ne\u0107e biti prodavani, iznajmljivani ili ustupani tre\u0107im licima bez va\u0161eg izri\u010ditog pristanka, osim u slu\u010dajevima predvi\u0111enim zakonom.<\/p><h3><span style=\"color: #000000;\">Za\u0161tita Li\u010dnih Podataka<\/span><\/h3><p>Preduzimamo odgovaraju\u0107e tehni\u010dke, organizacione i pravne mjere kako bismo za\u0161titili li\u010dne podatke od neovla\u0161tenog pristupa, gubitka ili kra\u0111e. Pristup li\u010dnim podacima imaju samo zaposleni kojima je to neophodno za obavljanje poslova u okviru njihovih radnih zadataka.<\/p><h3><span style=\"color: #000000;\">Prava Korisnika<\/span><\/h3><p>Svi korisnici imaju pravo na pristup, ispravku, brisanje ili prenos podataka koji se odnose na njih. Tako\u0111e imaju pravo da povuku saglasnost za obradu podataka u bilo kom trenutku.<\/p><h3><span style=\"color: #000000;\">Kola\u010di\u0107i (Cookies)<\/span><\/h3><p>Na\u0161a web stranica mo\u017ee koristiti kola\u010di\u0107e radi pobolj\u0161anja korisni\u010dkog iskustva. Korisnici mogu kontrolisati postavke kola\u010di\u0107a putem svojih pregleda\u010da.<\/p><h3><span style=\"color: #000000;\">Izmjena Politike Privatnosti<\/span><\/h3><p>Politika privatnosti mo\u017ee biti povremeno a\u017eurirana. Svaka izmjena \u0107e biti objavljena na ovoj stranici.<\/p>\t\t\t\t\t\t\t\t<\/div>\n\t\t\t\t<\/div>\n\t\t\t\t\t<\/div>\n\t\t<\/div>\n\t\t\t\t\t<\/div>\n\t\t<\/section>\n\t\t\t\t<\/div>\n\t\t","protected":false},"excerpt":{"rendered":"<p>Prikupljanje Li\u010dnih Podataka Prilikom posjete na\u0161e web stranice, prikupljati \u0107emo odre\u0111ene informacije koje nam direktno ili indirektno omogu\u0107avaju identifikaciju pojedinca.<\/p>\n","protected":false},"author":1,"featured_media":0,"parent":0,"menu_order":0,"comment_status":"closed","ping_status":"closed","template":"","meta":{"footnotes":""},"class_list":["post-2513","page","type-page","status-publish","hentry"],"_links":{"self":[{"href":"https:\/\/www.hifapetrol.ba\/bs\/wp-json\/wp\/v2\/pages\/2513","targetHints":{"allow":["GET"]}}],"collection":[{"href":"https:\/\/www.hifapetrol.ba\/bs\/wp-json\/wp\/v2\/pages"}],"about":[{"href":"https:\/\/www.hifapetrol.ba\/bs\/wp-json\/wp\/v2\/types\/page"}],"author":[{"embeddable":true,"href":"https:\/\/www.hifapetrol.ba\/bs\/wp-json\/wp\/v2\/users\/1"}],"replies":[{"embeddable":true,"href":"https:\/\/www.hifapetrol.ba\/bs\/wp-json\/wp\/v2\/comments?post=2513"}],"version-history":[{"count":0,"href":"https:\/\/www.hifapetrol.ba\/bs\/wp-json\/wp\/v2\/pages\/2513\/revisions"}],"wp:attachment":[{"href":"https:\/\/www.hifapetrol.ba\/bs\/wp-json\/wp\/v2\/media?parent=2513"}],"curies":[{"name":"wp","href":"https:\/\/api.w.org\/{rel}","templated":true}]}}