{"id":2492,"date":"2023-12-07T13:40:00","date_gmt":"2023-12-07T12:40:00","guid":{"rendered":"https:\/\/www.hifapetrol.ba\/?page_id=2492"},"modified":"2024-06-14T19:48:54","modified_gmt":"2024-06-14T17:48:54","slug":"korporativni-klijenti","status":"publish","type":"page","link":"http:\/\/www.hifapetrol.ba\/bs\/korporativni-klijenti\/","title":{"rendered":"Korporativni klijenti"},"content":{"rendered":"\t\t<div data-elementor-type=\"wp-page\" data-elementor-id=\"2492\" class=\"elementor elementor-2492\">\n\t\t\t\t\t\t<section class=\"elementor-section elementor-top-section elementor-element elementor-element-01f58c5 elementor-section-full_width elementor-section-stretched elementor-section-height-default elementor-section-height-default elementor-invisible\" data-id=\"01f58c5\" data-element_type=\"section\" data-settings=\"{&quot;stretch_section&quot;:&quot;section-stretched&quot;,&quot;animation&quot;:&quot;fadeInDown&quot;}\">\n\t\t\t\t\t\t\t<div class=\"elementor-background-overlay\"><\/div>\n\t\t\t\t\t\t\t<div class=\"elementor-container elementor-column-gap-default\">\n\t\t\t\t\t<div class=\"elementor-column elementor-col-50 elementor-top-column elementor-element elementor-element-8208ed9\" data-id=\"8208ed9\" data-element_type=\"column\">\n\t\t\t<div class=\"elementor-widget-wrap elementor-element-populated\">\n\t\t\t\t\t\t<div class=\"elementor-element elementor-element-5ae2f3b elementor-widget elementor-widget-spacer\" data-id=\"5ae2f3b\" data-element_type=\"widget\" data-widget_type=\"spacer.default\">\n\t\t\t\t<div class=\"elementor-widget-container\">\n\t\t\t\t\t\t\t<div class=\"elementor-spacer\">\n\t\t\t<div class=\"elementor-spacer-inner\"><\/div>\n\t\t<\/div>\n\t\t\t\t\t\t<\/div>\n\t\t\t\t<\/div>\n\t\t\t\t\t<\/div>\n\t\t<\/div>\n\t\t\t\t<div class=\"elementor-column elementor-col-50 elementor-top-column elementor-element elementor-element-ef1ece6\" data-id=\"ef1ece6\" data-element_type=\"column\">\n\t\t\t<div class=\"elementor-widget-wrap elementor-element-populated\">\n\t\t\t\t\t\t<div class=\"elementor-element elementor-element-1fe7975 elementor-widget elementor-widget-heading\" data-id=\"1fe7975\" data-element_type=\"widget\" data-widget_type=\"heading.default\">\n\t\t\t\t<div class=\"elementor-widget-container\">\n\t\t\t\t\t<h2 class=\"elementor-heading-title elementor-size-default\">Korporativni klijenti<\/h2>\t\t\t\t<\/div>\n\t\t\t\t<\/div>\n\t\t\t\t<div class=\"elementor-element elementor-element-5345f29 color-scheme-inherit text-left elementor-widget elementor-widget-text-editor\" data-id=\"5345f29\" data-element_type=\"widget\" data-widget_type=\"text-editor.default\">\n\t\t\t\t<div class=\"elementor-widget-container\">\n\t\t\t\t\t\t\t\t\t<p>Za na\u0161e korporativne partnere, Hifa Petrol nudi prakti\u010dna i prilago\u0111ena rje\u0161enja. Korporativna HP CARD olak\u0161ava upravljanje gorivom, dok na\u0161a usluga transporta osigurava siguran prijevoz. Veleprodaja naftnih derivata omogu\u0107ava pristup kvalitetnim gorivima uz konkurentne uvjete. Posve\u0107eni smo podr\u0161ci poslovnim potrebama na\u0161ih korporativnih klijenata, pru\u017eaju\u0107i im rje\u0161enja za efikasnije i odr\u017eivo poslovanje.<\/p>\t\t\t\t\t\t\t\t<\/div>\n\t\t\t\t<\/div>\n\t\t\t\t\t<\/div>\n\t\t<\/div>\n\t\t\t\t\t<\/div>\n\t\t<\/section>\n\t\t\t\t<section class=\"elementor-section elementor-top-section elementor-element elementor-element-969d50e elementor-section-boxed elementor-section-height-default elementor-section-height-default\" data-id=\"969d50e\" data-element_type=\"section\" data-settings=\"{&quot;background_background&quot;:&quot;classic&quot;}\">\n\t\t\t\t\t\t<div class=\"elementor-container elementor-column-gap-default\">\n\t\t\t\t\t<div class=\"elementor-column elementor-col-33 elementor-top-column elementor-element elementor-element-b224515 elementor-invisible\" data-id=\"b224515\" data-element_type=\"column\" data-settings=\"{&quot;animation&quot;:&quot;fadeIn&quot;,&quot;animation_delay&quot;:150}\">\n\t\t\t<div class=\"elementor-widget-wrap elementor-element-populated\">\n\t\t\t\t\t\t<div class=\"elementor-element elementor-element-3392d72 elementor-widget elementor-widget-wd_banner\" data-id=\"3392d72\" data-element_type=\"widget\" data-widget_type=\"wd_banner.default\">\n\t\t\t\t<div class=\"elementor-widget-container\">\n\t\t\t\t\t\t\t<div class=\"promo-banner-wrapper\">\n\t\t\t<div class=\"promo-banner banner-content-background banner-hover-zoom color-scheme-light banner-btn-size-large banner-btn-style-link banner-increased-padding with-btn banner-btn-position-static wd-with-link\">\n\t\t\t\t<div class=\"main-wrapp-img\">\n\t\t\t\t\t<div class=\"banner-image\">\n\t\t\t\t\t\t\t\t\t\t\t\t\t\t\t\t\t\t\t\t\t<img loading=\"lazy\" decoding=\"async\" width=\"1206\" height=\"804\" src=\"https:\/\/www.hifapetrol.ba\/wp-content\/uploads\/2024\/02\/korporativni-klijenti-slike-1.jpg\" class=\"attachment-full size-full\" alt=\"\" srcset=\"https:\/\/www.hifapetrol.ba\/wp-content\/uploads\/2024\/02\/korporativni-klijenti-slike-1.jpg 1206w, https:\/\/www.hifapetrol.ba\/wp-content\/uploads\/2024\/02\/korporativni-klijenti-slike-1-300x200.jpg 300w, https:\/\/www.hifapetrol.ba\/wp-content\/uploads\/2024\/02\/korporativni-klijenti-slike-1-1024x683.jpg 1024w, https:\/\/www.hifapetrol.ba\/wp-content\/uploads\/2024\/02\/korporativni-klijenti-slike-1-768x512.jpg 768w, https:\/\/www.hifapetrol.ba\/wp-content\/uploads\/2024\/02\/korporativni-klijenti-slike-1-18x12.jpg 18w, https:\/\/www.hifapetrol.ba\/wp-content\/uploads\/2024\/02\/korporativni-klijenti-slike-1-600x400.jpg 600w, https:\/\/www.hifapetrol.ba\/wp-content\/uploads\/2024\/02\/korporativni-klijenti-slike-1-150x100.jpg 150w\" sizes=\"auto, (max-width: 1206px) 100vw, 1206px\" \/>\t\t\t\t\t\t\t\t\t\t\t\t\t\t\t\t\t\t<\/div>\n\t\t\t\t<\/div>\n\n\t\t\t\t<div class=\"wrapper-content-banner wd-fill wd-items-bottom wd-justify-left\">\n\t\t\t\t\t<div class=\"content-banner  text-left\">\n\t\t\t\t\t\t\n\t\t\t\t\t\t\t\t\t\t\t\t\t<h4 class=\"banner-title wd-fontsize-s\" data-elementor-setting-key=\"title\">\n\t\t\t\t\t\t\t\tKorporativna HP CARD\t\t\t\t\t\t\t<\/h4>\n\t\t\t\t\t\t\n\t\t\t\t\t\t\n\t\t\t\t\t\t\n\t\t\t\t\t\t\t\t\t\t\t\t\t<div class=\"banner-btn-wrapper\">\n\t\t\t\t\t\t\t\t\t\t<div class=\"wd-button-wrapper text-left\" >\n\t\t\t<a class=\"btn btn-style-link btn-shape- btn-size-large btn-color-primary btn-icon-pos-right\"  href=\"https:\/\/www.hifapetrol.ba\/hp-card\/\">\n\t\t\t\t<span class=\"wd-btn-text\" data-elementor-setting-key=\"text\">\n\t\t\t\t\tPro\u010ditaj vi\u0161e\t\t\t\t<\/span>\n\n\t\t\t\t\t\t\t<\/a>\n\t\t<\/div>\n\t\t\t\t\t\t\t\t\t<\/div>\n\t\t\t\t\t\t\t\t\t\t\t<\/div>\n\t\t\t\t<\/div>\n\n\t\t\t\t\t\t\t\t\t<a href=\"https:\/\/www.hifapetrol.ba\/hp-card\/\" class=\"wd-promo-banner-link wd-fill\" aria-label=\"Banner link\"><\/a>\n\t\t\t\t\t\t\t<\/div>\n\t\t<\/div>\n\t\t\t\t\t\t<\/div>\n\t\t\t\t<\/div>\n\t\t\t\t\t<\/div>\n\t\t<\/div>\n\t\t\t\t<div class=\"elementor-column elementor-col-33 elementor-top-column elementor-element elementor-element-cda48f5 elementor-invisible\" data-id=\"cda48f5\" data-element_type=\"column\" data-settings=\"{&quot;animation&quot;:&quot;fadeIn&quot;,&quot;animation_delay&quot;:250}\">\n\t\t\t<div class=\"elementor-widget-wrap elementor-element-populated\">\n\t\t\t\t\t\t<div class=\"elementor-element elementor-element-b0867c6 elementor-widget elementor-widget-wd_banner\" data-id=\"b0867c6\" data-element_type=\"widget\" data-widget_type=\"wd_banner.default\">\n\t\t\t\t<div class=\"elementor-widget-container\">\n\t\t\t\t\t\t\t<div class=\"promo-banner-wrapper\">\n\t\t\t<div class=\"promo-banner banner-content-background banner-hover-zoom color-scheme-light banner-btn-size-large banner-btn-style-link banner-increased-padding with-btn banner-btn-position-static wd-with-link\">\n\t\t\t\t<div class=\"main-wrapp-img\">\n\t\t\t\t\t<div class=\"banner-image\">\n\t\t\t\t\t\t\t\t\t\t\t\t\t\t\t\t\t\t\t\t\t<img loading=\"lazy\" decoding=\"async\" width=\"1206\" height=\"804\" src=\"https:\/\/www.hifapetrol.ba\/wp-content\/uploads\/2024\/04\/usluge-transporta.jpg\" class=\"attachment-full size-full\" alt=\"\" srcset=\"https:\/\/www.hifapetrol.ba\/wp-content\/uploads\/2024\/04\/usluge-transporta.jpg 1206w, https:\/\/www.hifapetrol.ba\/wp-content\/uploads\/2024\/04\/usluge-transporta-300x200.jpg 300w, https:\/\/www.hifapetrol.ba\/wp-content\/uploads\/2024\/04\/usluge-transporta-1024x683.jpg 1024w, https:\/\/www.hifapetrol.ba\/wp-content\/uploads\/2024\/04\/usluge-transporta-768x512.jpg 768w, https:\/\/www.hifapetrol.ba\/wp-content\/uploads\/2024\/04\/usluge-transporta-18x12.jpg 18w, https:\/\/www.hifapetrol.ba\/wp-content\/uploads\/2024\/04\/usluge-transporta-600x400.jpg 600w, https:\/\/www.hifapetrol.ba\/wp-content\/uploads\/2024\/04\/usluge-transporta-150x100.jpg 150w\" sizes=\"auto, (max-width: 1206px) 100vw, 1206px\" \/>\t\t\t\t\t\t\t\t\t\t\t\t\t\t\t\t\t\t<\/div>\n\t\t\t\t<\/div>\n\n\t\t\t\t<div class=\"wrapper-content-banner wd-fill wd-items-bottom wd-justify-left\">\n\t\t\t\t\t<div class=\"content-banner  text-left\">\n\t\t\t\t\t\t\n\t\t\t\t\t\t\t\t\t\t\t\t\t<h4 class=\"banner-title wd-fontsize-s\" data-elementor-setting-key=\"title\">\n\t\t\t\t\t\t\t\tUsluge transporta\t\t\t\t\t\t\t<\/h4>\n\t\t\t\t\t\t\n\t\t\t\t\t\t\n\t\t\t\t\t\t\n\t\t\t\t\t\t\t\t\t\t\t\t\t<div class=\"banner-btn-wrapper\">\n\t\t\t\t\t\t\t\t\t\t<div class=\"wd-button-wrapper text-left\" >\n\t\t\t<a class=\"btn btn-style-link btn-shape- btn-size-large btn-color-primary btn-icon-pos-right\"  href=\"https:\/\/www.hifapetrol.ba\/transport\/\">\n\t\t\t\t<span class=\"wd-btn-text\" data-elementor-setting-key=\"text\">\n\t\t\t\t\tPro\u010ditaj vi\u0161e\t\t\t\t<\/span>\n\n\t\t\t\t\t\t\t<\/a>\n\t\t<\/div>\n\t\t\t\t\t\t\t\t\t<\/div>\n\t\t\t\t\t\t\t\t\t\t\t<\/div>\n\t\t\t\t<\/div>\n\n\t\t\t\t\t\t\t\t\t<a href=\"https:\/\/www.hifapetrol.ba\/transport\/\" class=\"wd-promo-banner-link wd-fill\" aria-label=\"Banner link\"><\/a>\n\t\t\t\t\t\t\t<\/div>\n\t\t<\/div>\n\t\t\t\t\t\t<\/div>\n\t\t\t\t<\/div>\n\t\t\t\t\t<\/div>\n\t\t<\/div>\n\t\t\t\t<div class=\"elementor-column elementor-col-33 elementor-top-column elementor-element elementor-element-6229f99 elementor-invisible\" data-id=\"6229f99\" data-element_type=\"column\" data-settings=\"{&quot;animation&quot;:&quot;fadeIn&quot;,&quot;animation_delay&quot;:350}\">\n\t\t\t<div class=\"elementor-widget-wrap elementor-element-populated\">\n\t\t\t\t\t\t<div class=\"elementor-element elementor-element-d2b573b elementor-widget elementor-widget-wd_banner\" data-id=\"d2b573b\" data-element_type=\"widget\" data-widget_type=\"wd_banner.default\">\n\t\t\t\t<div class=\"elementor-widget-container\">\n\t\t\t\t\t\t\t<div class=\"promo-banner-wrapper\">\n\t\t\t<div class=\"promo-banner banner-content-background banner-hover-zoom color-scheme-light banner-btn-size-large banner-btn-style-link banner-increased-padding with-btn banner-btn-position-static wd-with-link\">\n\t\t\t\t<div class=\"main-wrapp-img\">\n\t\t\t\t\t<div class=\"banner-image\">\n\t\t\t\t\t\t\t\t\t\t\t\t\t\t\t\t\t\t\t\t\t<img loading=\"lazy\" decoding=\"async\" width=\"1206\" height=\"804\" src=\"https:\/\/www.hifapetrol.ba\/wp-content\/uploads\/2024\/04\/veleprodaja.jpg\" class=\"attachment-full size-full\" alt=\"\" srcset=\"https:\/\/www.hifapetrol.ba\/wp-content\/uploads\/2024\/04\/veleprodaja.jpg 1206w, https:\/\/www.hifapetrol.ba\/wp-content\/uploads\/2024\/04\/veleprodaja-300x200.jpg 300w, https:\/\/www.hifapetrol.ba\/wp-content\/uploads\/2024\/04\/veleprodaja-1024x683.jpg 1024w, https:\/\/www.hifapetrol.ba\/wp-content\/uploads\/2024\/04\/veleprodaja-768x512.jpg 768w, https:\/\/www.hifapetrol.ba\/wp-content\/uploads\/2024\/04\/veleprodaja-18x12.jpg 18w, https:\/\/www.hifapetrol.ba\/wp-content\/uploads\/2024\/04\/veleprodaja-600x400.jpg 600w, https:\/\/www.hifapetrol.ba\/wp-content\/uploads\/2024\/04\/veleprodaja-150x100.jpg 150w\" sizes=\"auto, (max-width: 1206px) 100vw, 1206px\" \/>\t\t\t\t\t\t\t\t\t\t\t\t\t\t\t\t\t\t<\/div>\n\t\t\t\t<\/div>\n\n\t\t\t\t<div class=\"wrapper-content-banner wd-fill wd-items-bottom wd-justify-left\">\n\t\t\t\t\t<div class=\"content-banner  text-left\">\n\t\t\t\t\t\t\n\t\t\t\t\t\t\t\t\t\t\t\t\t<h4 class=\"banner-title wd-fontsize-s\" data-elementor-setting-key=\"title\">\n\t\t\t\t\t\t\t\tVeleprodaja\t\t\t\t\t\t\t<\/h4>\n\t\t\t\t\t\t\n\t\t\t\t\t\t\n\t\t\t\t\t\t\n\t\t\t\t\t\t\t\t\t\t\t\t\t<div class=\"banner-btn-wrapper\">\n\t\t\t\t\t\t\t\t\t\t<div class=\"wd-button-wrapper text-left\" >\n\t\t\t<a class=\"btn btn-style-link btn-shape- btn-size-large btn-color-primary btn-icon-pos-right\"  href=\"https:\/\/www.hifapetrol.ba\/veleprodaja\">\n\t\t\t\t<span class=\"wd-btn-text\" data-elementor-setting-key=\"text\">\n\t\t\t\t\tPro\u010ditaj vi\u0161e\t\t\t\t<\/span>\n\n\t\t\t\t\t\t\t<\/a>\n\t\t<\/div>\n\t\t\t\t\t\t\t\t\t<\/div>\n\t\t\t\t\t\t\t\t\t\t\t<\/div>\n\t\t\t\t<\/div>\n\n\t\t\t\t\t\t\t\t\t<a href=\"https:\/\/www.hifapetrol.ba\/veleprodaja\" class=\"wd-promo-banner-link wd-fill\" aria-label=\"Banner link\"><\/a>\n\t\t\t\t\t\t\t<\/div>\n\t\t<\/div>\n\t\t\t\t\t\t<\/div>\n\t\t\t\t<\/div>\n\t\t\t\t\t<\/div>\n\t\t<\/div>\n\t\t\t\t\t<\/div>\n\t\t<\/section>\n\t\t\t\t<section class=\"elementor-section elementor-top-section elementor-element elementor-element-4d9ec07 elementor-section-stretched elementor-section-boxed elementor-section-height-default elementor-section-height-default\" data-id=\"4d9ec07\" data-element_type=\"section\" data-settings=\"{&quot;stretch_section&quot;:&quot;section-stretched&quot;,&quot;background_background&quot;:&quot;classic&quot;}\">\n\t\t\t\t\t\t<div class=\"elementor-container elementor-column-gap-default\">\n\t\t\t\t\t<div class=\"elementor-column elementor-col-33 elementor-top-column elementor-element elementor-element-5b66017\" data-id=\"5b66017\" data-element_type=\"column\">\n\t\t\t<div class=\"elementor-widget-wrap elementor-element-populated\">\n\t\t\t\t\t\t<div class=\"elementor-element elementor-element-d53cab8 elementor-widget elementor-widget-image\" data-id=\"d53cab8\" data-element_type=\"widget\" data-widget_type=\"image.default\">\n\t\t\t\t<div class=\"elementor-widget-container\">\n\t\t\t\t\t\t\t\t\t\t\t\t\t\t\t<img loading=\"lazy\" decoding=\"async\" width=\"36\" height=\"33\" src=\"https:\/\/www.hifapetrol.ba\/wp-content\/uploads\/2024\/02\/podrska-ikona.png\" class=\"attachment-large size-large wp-image-2911\" alt=\"\" srcset=\"https:\/\/www.hifapetrol.ba\/wp-content\/uploads\/2024\/02\/podrska-ikona.png 36w, https:\/\/www.hifapetrol.ba\/wp-content\/uploads\/2024\/02\/podrska-ikona-13x12.png 13w\" sizes=\"auto, (max-width: 36px) 100vw, 36px\" \/>\t\t\t\t\t\t\t\t\t\t\t\t\t\t\t<\/div>\n\t\t\t\t<\/div>\n\t\t\t\t<div class=\"elementor-element elementor-element-1b53012 elementor-widget elementor-widget-heading\" data-id=\"1b53012\" data-element_type=\"widget\" data-widget_type=\"heading.default\">\n\t\t\t\t<div class=\"elementor-widget-container\">\n\t\t\t\t\t<h2 class=\"elementor-heading-title elementor-size-default\"><a href=\"#\">Pomo\u0107 i podr\u0161ka<\/a><\/h2>\t\t\t\t<\/div>\n\t\t\t\t<\/div>\n\t\t\t\t<div class=\"elementor-element elementor-element-16b347b color-scheme-inherit text-left elementor-widget elementor-widget-text-editor\" data-id=\"16b347b\" data-element_type=\"widget\" data-widget_type=\"text-editor.default\">\n\t\t\t\t<div class=\"elementor-widget-container\">\n\t\t\t\t\t\t\t\t\t<p>Ljubazno osoblje stoji na raspolaganju za informacije i pitanja putem chat-a<\/p>\t\t\t\t\t\t\t\t<\/div>\n\t\t\t\t<\/div>\n\t\t\t\t\t<\/div>\n\t\t<\/div>\n\t\t\t\t<div class=\"elementor-column elementor-col-33 elementor-top-column elementor-element elementor-element-f3a595f\" data-id=\"f3a595f\" data-element_type=\"column\">\n\t\t\t<div class=\"elementor-widget-wrap elementor-element-populated\">\n\t\t\t\t\t\t<div class=\"elementor-element elementor-element-4931f35 elementor-widget elementor-widget-image\" data-id=\"4931f35\" data-element_type=\"widget\" data-widget_type=\"image.default\">\n\t\t\t\t<div class=\"elementor-widget-container\">\n\t\t\t\t\t\t\t\t\t\t\t\t\t\t\t<img loading=\"lazy\" decoding=\"async\" width=\"36\" height=\"36\" src=\"https:\/\/www.hifapetrol.ba\/wp-content\/uploads\/2024\/02\/spojimo-se.png\" class=\"attachment-large size-large wp-image-2912\" alt=\"\" srcset=\"https:\/\/www.hifapetrol.ba\/wp-content\/uploads\/2024\/02\/spojimo-se.png 36w, https:\/\/www.hifapetrol.ba\/wp-content\/uploads\/2024\/02\/spojimo-se-12x12.png 12w\" sizes=\"auto, (max-width: 36px) 100vw, 36px\" \/>\t\t\t\t\t\t\t\t\t\t\t\t\t\t\t<\/div>\n\t\t\t\t<\/div>\n\t\t\t\t<div class=\"elementor-element elementor-element-fbff3c8 elementor-widget elementor-widget-heading\" data-id=\"fbff3c8\" data-element_type=\"widget\" data-widget_type=\"heading.default\">\n\t\t\t\t<div class=\"elementor-widget-container\">\n\t\t\t\t\t<h2 class=\"elementor-heading-title elementor-size-default\"><a href=\"tel:+38733584370\">Pozovite nas<\/a><\/h2>\t\t\t\t<\/div>\n\t\t\t\t<\/div>\n\t\t\t\t<div class=\"elementor-element elementor-element-30b2c50 color-scheme-inherit text-left elementor-widget elementor-widget-text-editor\" data-id=\"30b2c50\" data-element_type=\"widget\" data-widget_type=\"text-editor.default\">\n\t\t\t\t<div class=\"elementor-widget-container\">\n\t\t\t\t\t\t\t\t\t<p>Za sve dodatne informacije mo\u017eete nas kontaktirati putem telefona <span style=\"color: #000000;\"><a style=\"color: #000000;\" href=\"tel:+38733584370\">+387 33 584 370<\/a><\/span><\/p>\t\t\t\t\t\t\t\t<\/div>\n\t\t\t\t<\/div>\n\t\t\t\t\t<\/div>\n\t\t<\/div>\n\t\t\t\t<div class=\"elementor-column elementor-col-33 elementor-top-column elementor-element elementor-element-682edb4\" data-id=\"682edb4\" data-element_type=\"column\">\n\t\t\t<div class=\"elementor-widget-wrap elementor-element-populated\">\n\t\t\t\t\t\t<div class=\"elementor-element elementor-element-549bb81 elementor-widget elementor-widget-image\" data-id=\"549bb81\" data-element_type=\"widget\" data-widget_type=\"image.default\">\n\t\t\t\t<div class=\"elementor-widget-container\">\n\t\t\t\t\t\t\t\t\t\t\t\t\t\t\t<img loading=\"lazy\" decoding=\"async\" width=\"36\" height=\"37\" src=\"https:\/\/www.hifapetrol.ba\/wp-content\/uploads\/2024\/02\/prijavi-problem.png\" class=\"attachment-large size-large wp-image-2913\" alt=\"\" srcset=\"https:\/\/www.hifapetrol.ba\/wp-content\/uploads\/2024\/02\/prijavi-problem.png 36w, https:\/\/www.hifapetrol.ba\/wp-content\/uploads\/2024\/02\/prijavi-problem-12x12.png 12w\" sizes=\"auto, (max-width: 36px) 100vw, 36px\" \/>\t\t\t\t\t\t\t\t\t\t\t\t\t\t\t<\/div>\n\t\t\t\t<\/div>\n\t\t\t\t<div class=\"elementor-element elementor-element-adb6432 elementor-widget elementor-widget-heading\" data-id=\"adb6432\" data-element_type=\"widget\" data-widget_type=\"heading.default\">\n\t\t\t\t<div class=\"elementor-widget-container\">\n\t\t\t\t\t<h2 class=\"elementor-heading-title elementor-size-default\"><a href=\"mailto:info@hifapetrol.ba?Subject=PRIJAVA%20PROBLEMA\">Prijavite problem<\/a><\/h2>\t\t\t\t<\/div>\n\t\t\t\t<\/div>\n\t\t\t\t<div class=\"elementor-element elementor-element-e2831a3 color-scheme-inherit text-left elementor-widget elementor-widget-text-editor\" data-id=\"e2831a3\" data-element_type=\"widget\" data-widget_type=\"text-editor.default\">\n\t\t\t\t<div class=\"elementor-widget-container\">\n\t\t\t\t\t\t\t\t\t<p>Za odgovore na pitanja vezana za na\u0161e usluge, pomo\u0107 ili bilo \u0161ta drugo kontaktirajte na\u0161u podr\u0161ku.<\/p>\t\t\t\t\t\t\t\t<\/div>\n\t\t\t\t<\/div>\n\t\t\t\t\t<\/div>\n\t\t<\/div>\n\t\t\t\t\t<\/div>\n\t\t<\/section>\n\t\t\t\t<section class=\"elementor-section elementor-top-section elementor-element elementor-element-b2fcaf2 wd-section-stretch elementor-section-boxed elementor-section-height-default elementor-section-height-default\" data-id=\"b2fcaf2\" data-element_type=\"section\" data-settings=\"{&quot;background_background&quot;:&quot;classic&quot;}\">\n\t\t\t\t\t\t<div class=\"elementor-container elementor-column-gap-default\">\n\t\t\t\t\t<div class=\"elementor-column elementor-col-50 elementor-top-column elementor-element elementor-element-c251e64\" data-id=\"c251e64\" data-element_type=\"column\">\n\t\t\t<div class=\"elementor-widget-wrap elementor-element-populated\">\n\t\t\t\t\t\t<div class=\"elementor-element elementor-element-d32fbd4 elementor-widget elementor-widget-heading\" data-id=\"d32fbd4\" data-element_type=\"widget\" data-widget_type=\"heading.default\">\n\t\t\t\t<div class=\"elementor-widget-container\">\n\t\t\t\t\t<h2 class=\"elementor-heading-title elementor-size-default\"><a href=\"#\">Prona\u0111ite najbli\u017eu benzinsku pumpu<\/a><\/h2>\t\t\t\t<\/div>\n\t\t\t\t<\/div>\n\t\t\t\t<div class=\"elementor-element elementor-element-3c6e6e5 color-scheme-inherit text-left elementor-widget elementor-widget-text-editor\" data-id=\"3c6e6e5\" data-element_type=\"widget\" data-widget_type=\"text-editor.default\">\n\t\t\t\t<div class=\"elementor-widget-container\">\n\t\t\t\t\t\t\t\t\t<p>Bez obzira gdje se nalazite, pru\u017eamo vam pristup vrhunskom gorivu i uslugama koje vam trebaju za udobnu i sigurnu vo\u017enju<\/p>\t\t\t\t\t\t\t\t<\/div>\n\t\t\t\t<\/div>\n\t\t\t\t\t<\/div>\n\t\t<\/div>\n\t\t\t\t<div class=\"elementor-column elementor-col-50 elementor-top-column elementor-element elementor-element-c4ca345\" data-id=\"c4ca345\" data-element_type=\"column\" data-settings=\"{&quot;background_background&quot;:&quot;classic&quot;}\">\n\t\t\t<div class=\"elementor-widget-wrap elementor-element-populated\">\n\t\t\t\t\t\t<div class=\"elementor-element elementor-element-d7ce565 elementor-widget elementor-widget-wd_button\" data-id=\"d7ce565\" data-element_type=\"widget\" data-widget_type=\"wd_button.default\">\n\t\t\t\t<div class=\"elementor-widget-container\">\n\t\t\t\t\t\t\t<div class=\"wd-button-wrapper text-left\" >\n\t\t\t<a class=\"btn btn-style-default btn-shape-rectangle btn-size-default btn-icon-pos-right\"  href=\"https:\/\/www.hifapetrol.ba\/poslovnice-mapa\/\">\n\t\t\t\t<span class=\"wd-btn-text\" data-elementor-setting-key=\"text\">\n\t\t\t\t\tPRONA\u0110ITE NAJBLI\u017dU HP PUMPU\t\t\t\t<\/span>\n\n\t\t\t\t\t\t\t<\/a>\n\t\t<\/div>\n\t\t\t\t\t\t<\/div>\n\t\t\t\t<\/div>\n\t\t\t\t\t<\/div>\n\t\t<\/div>\n\t\t\t\t\t<\/div>\n\t\t<\/section>\n\t\t\t\t<\/div>\n\t\t","protected":false},"excerpt":{"rendered":"<p>Korporativni klijenti Home Za na\u0161e korporativne partnere, Hifa Petrol nudi prakti\u010dna i prilago\u0111ena rje\u0161enja. Korporativna HP CARD olak\u0161ava upravljanje gorivom,<\/p>\n","protected":false},"author":1,"featured_media":0,"parent":0,"menu_order":0,"comment_status":"closed","ping_status":"closed","template":"","meta":{"footnotes":""},"class_list":["post-2492","page","type-page","status-publish","hentry"],"_links":{"self":[{"href":"http:\/\/www.hifapetrol.ba\/bs\/wp-json\/wp\/v2\/pages\/2492","targetHints":{"allow":["GET"]}}],"collection":[{"href":"http:\/\/www.hifapetrol.ba\/bs\/wp-json\/wp\/v2\/pages"}],"about":[{"href":"http:\/\/www.hifapetrol.ba\/bs\/wp-json\/wp\/v2\/types\/page"}],"author":[{"embeddable":true,"href":"http:\/\/www.hifapetrol.ba\/bs\/wp-json\/wp\/v2\/users\/1"}],"replies":[{"embeddable":true,"href":"http:\/\/www.hifapetrol.ba\/bs\/wp-json\/wp\/v2\/comments?post=2492"}],"version-history":[{"count":0,"href":"http:\/\/www.hifapetrol.ba\/bs\/wp-json\/wp\/v2\/pages\/2492\/revisions"}],"wp:attachment":[{"href":"http:\/\/www.hifapetrol.ba\/bs\/wp-json\/wp\/v2\/media?parent=2492"}],"curies":[{"name":"wp","href":"https:\/\/api.w.org\/{rel}","templated":true}]}}